{"id":155,"date":"2019-03-12T00:50:31","date_gmt":"2019-03-11T23:50:31","guid":{"rendered":"https:\/\/www.griffline.de\/imprint\/"},"modified":"2024-02-21T17:11:18","modified_gmt":"2024-02-21T16:11:18","slug":"imprint","status":"publish","type":"page","link":"https:\/\/www.griffline.de\/en\/imprint\/","title":{"rendered":"Imprint"},"content":{"rendered":"<p>[et_pb_section fb_built=&#8221;1&#8243; _builder_version=&#8221;4.16&#8243; global_colors_info=&#8221;{}&#8221;][et_pb_row _builder_version=&#8221;4.16&#8243; background_size=&#8221;initial&#8221; background_position=&#8221;top_left&#8221; background_repeat=&#8221;repeat&#8221; global_colors_info=&#8221;{}&#8221;][et_pb_column type=&#8221;4_4&#8243; _builder_version=&#8221;4.16&#8243; custom_padding=&#8221;|||&#8221; global_colors_info=&#8221;{}&#8221; custom_padding__hover=&#8221;|||&#8221;][et_pb_text admin_label=&#8221;Impressum&#8221; _builder_version=&#8221;4.16&#8243; global_colors_info=&#8221;{}&#8221;]<\/p>\n<h1>Imprint<\/h1>\n<p>[\/et_pb_text][et_pb_divider color=&#8221;#cccccc&#8221; divider_position=&#8221;center&#8221; _builder_version=&#8221;4.16&#8243; global_colors_info=&#8221;{}&#8221;][\/et_pb_divider][et_pb_text _builder_version=&#8221;4.16&#8243; global_colors_info=&#8221;{}&#8221;]<\/p>\n<p><strong>Address<\/strong><br \/>AVAVIAS d.o.o.<br \/>Stegne 27<br \/>SI-1000 Ljubljana<br \/>Slovenia, EU<\/p>\n<p><strong>Company<\/strong><br \/>Srg number: 2014\/43783, District court Ljubljana.<br \/>The Chamber of Craft and Small Business of Slovenia register number: 149185.<br \/>Taxpayer: YES.<br \/>VAT ID: SI91115973.<br \/>Company\u2019s registration number: 6703542000.<\/p>\n<p><strong>Contact<\/strong><br \/>Administrative enquiries: <a href=\"mailto:info@avavias.de\">info@avavias.de<\/a><br \/>Phone: +49 (0)151 583 302 72<\/p>\n<p>For questions about the company or our business units\u2019 products and services, please use our <a href=\"\/#kontakt\">contact forms<\/a>.<\/p>\n<p><strong>Person responsible for these contents<\/strong><br \/>Mr. Ju\u0161 \u017dnidar\u0161i\u010d<\/p>\n<p>[\/et_pb_text][\/et_pb_column][\/et_pb_row][\/et_pb_section]<\/p>\n","protected":false},"excerpt":{"rendered":"<p>Imprint AddressAVAVIAS d.o.o.Stegne 27SI-1000 LjubljanaSlovenia, EU CompanySrg number: 2014\/43783, District court Ljubljana.The Chamber of Craft and Small Business of Slovenia register number: 149185.Taxpayer: YES.VAT ID: SI91115973.Company\u2019s registration number: 6703542000. ContactAdministrative enquiries: info@avavias.dePhone: +49 (0)151 583 302 72 For questions about the company or our business units\u2019 products and services, please use our contact forms. Person [&hellip;]<\/p>\n","protected":false},"author":1,"featured_media":0,"parent":0,"menu_order":2,"comment_status":"closed","ping_status":"closed","template":"","meta":{"_et_pb_use_builder":"on","_et_pb_old_content":"","_et_gb_content_width":"","footnotes":""},"class_list":["post-155","page","type-page","status-publish","hentry"],"yoast_head":"<!-- This site is optimized with the Yoast SEO plugin v27.3 - https:\/\/yoast.com\/product\/yoast-seo-wordpress\/ -->\n<title>Imprint | GRIFFLINE<\/title>\n<meta name=\"robots\" content=\"index, follow, max-snippet:-1, max-image-preview:large, max-video-preview:-1\" \/>\n<link rel=\"canonical\" href=\"https:\/\/www.griffline.de\/en\/imprint\/\" \/>\n<meta property=\"og:locale\" content=\"en_US\" \/>\n<meta property=\"og:type\" content=\"article\" \/>\n<meta property=\"og:title\" content=\"Imprint | GRIFFLINE\" \/>\n<meta property=\"og:description\" content=\"Imprint AddressAVAVIAS d.o.o.Stegne 27SI-1000 LjubljanaSlovenia, EU CompanySrg number: 2014\/43783, District court Ljubljana.The Chamber of Craft and Small Business of Slovenia register number: 149185.Taxpayer: YES.VAT ID: SI91115973.Company\u2019s registration number: 6703542000. ContactAdministrative enquiries: info@avavias.dePhone: +49 (0)151 583 302 72 For questions about the company or our business units\u2019 products and services, please use our contact forms. Person [&hellip;]\" \/>\n<meta property=\"og:url\" content=\"https:\/\/www.griffline.de\/en\/imprint\/\" \/>\n<meta property=\"og:site_name\" content=\"GRIFFLINE\" \/>\n<meta property=\"article:modified_time\" content=\"2024-02-21T16:11:18+00:00\" \/>\n<meta name=\"twitter:card\" content=\"summary_large_image\" \/>\n<meta name=\"twitter:label1\" content=\"Est. reading time\" \/>\n\t<meta name=\"twitter:data1\" content=\"1 minute\" \/>\n<script type=\"application\/ld+json\" class=\"yoast-schema-graph\">{\"@context\":\"https:\\\/\\\/schema.org\",\"@graph\":[{\"@type\":\"WebPage\",\"@id\":\"https:\\\/\\\/www.griffline.de\\\/en\\\/imprint\\\/\",\"url\":\"https:\\\/\\\/www.griffline.de\\\/en\\\/imprint\\\/\",\"name\":\"Imprint | GRIFFLINE\",\"isPartOf\":{\"@id\":\"https:\\\/\\\/www.griffline.de\\\/#website\"},\"datePublished\":\"2019-03-11T23:50:31+00:00\",\"dateModified\":\"2024-02-21T16:11:18+00:00\",\"breadcrumb\":{\"@id\":\"https:\\\/\\\/www.griffline.de\\\/en\\\/imprint\\\/#breadcrumb\"},\"inLanguage\":\"en-US\",\"potentialAction\":[{\"@type\":\"ReadAction\",\"target\":[\"https:\\\/\\\/www.griffline.de\\\/en\\\/imprint\\\/\"]}]},{\"@type\":\"BreadcrumbList\",\"@id\":\"https:\\\/\\\/www.griffline.de\\\/en\\\/imprint\\\/#breadcrumb\",\"itemListElement\":[{\"@type\":\"ListItem\",\"position\":1,\"name\":\"Home\",\"item\":\"https:\\\/\\\/www.griffline.de\\\/en\\\/\"},{\"@type\":\"ListItem\",\"position\":2,\"name\":\"Imprint\"}]},{\"@type\":\"WebSite\",\"@id\":\"https:\\\/\\\/www.griffline.de\\\/#website\",\"url\":\"https:\\\/\\\/www.griffline.de\\\/\",\"name\":\"GRIFFLINE\",\"description\":\"Road Safety Grooving\",\"publisher\":{\"@id\":\"https:\\\/\\\/www.griffline.de\\\/#organization\"},\"potentialAction\":[{\"@type\":\"SearchAction\",\"target\":{\"@type\":\"EntryPoint\",\"urlTemplate\":\"https:\\\/\\\/www.griffline.de\\\/?s={search_term_string}\"},\"query-input\":{\"@type\":\"PropertyValueSpecification\",\"valueRequired\":true,\"valueName\":\"search_term_string\"}}],\"inLanguage\":\"en-US\"},{\"@type\":\"Organization\",\"@id\":\"https:\\\/\\\/www.griffline.de\\\/#organization\",\"name\":\"Griffline\",\"url\":\"https:\\\/\\\/www.griffline.de\\\/\",\"logo\":{\"@type\":\"ImageObject\",\"inLanguage\":\"en-US\",\"@id\":\"https:\\\/\\\/www.griffline.de\\\/#\\\/schema\\\/logo\\\/image\\\/\",\"url\":\"https:\\\/\\\/www.griffline.de\\\/wp-content\\\/uploads\\\/2019\\\/03\\\/griffline_logo_full.png\",\"contentUrl\":\"https:\\\/\\\/www.griffline.de\\\/wp-content\\\/uploads\\\/2019\\\/03\\\/griffline_logo_full.png\",\"width\":421,\"height\":64,\"caption\":\"Griffline\"},\"image\":{\"@id\":\"https:\\\/\\\/www.griffline.de\\\/#\\\/schema\\\/logo\\\/image\\\/\"}}]}<\/script>\n<!-- \/ Yoast SEO plugin. -->","yoast_head_json":{"title":"Imprint | GRIFFLINE","robots":{"index":"index","follow":"follow","max-snippet":"max-snippet:-1","max-image-preview":"max-image-preview:large","max-video-preview":"max-video-preview:-1"},"canonical":"https:\/\/www.griffline.de\/en\/imprint\/","og_locale":"en_US","og_type":"article","og_title":"Imprint | GRIFFLINE","og_description":"Imprint AddressAVAVIAS d.o.o.Stegne 27SI-1000 LjubljanaSlovenia, EU CompanySrg number: 2014\/43783, District court Ljubljana.The Chamber of Craft and Small Business of Slovenia register number: 149185.Taxpayer: YES.VAT ID: SI91115973.Company\u2019s registration number: 6703542000. ContactAdministrative enquiries: info@avavias.dePhone: +49 (0)151 583 302 72 For questions about the company or our business units\u2019 products and services, please use our contact forms. Person [&hellip;]","og_url":"https:\/\/www.griffline.de\/en\/imprint\/","og_site_name":"GRIFFLINE","article_modified_time":"2024-02-21T16:11:18+00:00","twitter_card":"summary_large_image","twitter_misc":{"Est. reading time":"1 minute"},"schema":{"@context":"https:\/\/schema.org","@graph":[{"@type":"WebPage","@id":"https:\/\/www.griffline.de\/en\/imprint\/","url":"https:\/\/www.griffline.de\/en\/imprint\/","name":"Imprint | GRIFFLINE","isPartOf":{"@id":"https:\/\/www.griffline.de\/#website"},"datePublished":"2019-03-11T23:50:31+00:00","dateModified":"2024-02-21T16:11:18+00:00","breadcrumb":{"@id":"https:\/\/www.griffline.de\/en\/imprint\/#breadcrumb"},"inLanguage":"en-US","potentialAction":[{"@type":"ReadAction","target":["https:\/\/www.griffline.de\/en\/imprint\/"]}]},{"@type":"BreadcrumbList","@id":"https:\/\/www.griffline.de\/en\/imprint\/#breadcrumb","itemListElement":[{"@type":"ListItem","position":1,"name":"Home","item":"https:\/\/www.griffline.de\/en\/"},{"@type":"ListItem","position":2,"name":"Imprint"}]},{"@type":"WebSite","@id":"https:\/\/www.griffline.de\/#website","url":"https:\/\/www.griffline.de\/","name":"GRIFFLINE","description":"Road Safety Grooving","publisher":{"@id":"https:\/\/www.griffline.de\/#organization"},"potentialAction":[{"@type":"SearchAction","target":{"@type":"EntryPoint","urlTemplate":"https:\/\/www.griffline.de\/?s={search_term_string}"},"query-input":{"@type":"PropertyValueSpecification","valueRequired":true,"valueName":"search_term_string"}}],"inLanguage":"en-US"},{"@type":"Organization","@id":"https:\/\/www.griffline.de\/#organization","name":"Griffline","url":"https:\/\/www.griffline.de\/","logo":{"@type":"ImageObject","inLanguage":"en-US","@id":"https:\/\/www.griffline.de\/#\/schema\/logo\/image\/","url":"https:\/\/www.griffline.de\/wp-content\/uploads\/2019\/03\/griffline_logo_full.png","contentUrl":"https:\/\/www.griffline.de\/wp-content\/uploads\/2019\/03\/griffline_logo_full.png","width":421,"height":64,"caption":"Griffline"},"image":{"@id":"https:\/\/www.griffline.de\/#\/schema\/logo\/image\/"}}]}},"_links":{"self":[{"href":"https:\/\/www.griffline.de\/en\/wp-json\/wp\/v2\/pages\/155","targetHints":{"allow":["GET"]}}],"collection":[{"href":"https:\/\/www.griffline.de\/en\/wp-json\/wp\/v2\/pages"}],"about":[{"href":"https:\/\/www.griffline.de\/en\/wp-json\/wp\/v2\/types\/page"}],"author":[{"embeddable":true,"href":"https:\/\/www.griffline.de\/en\/wp-json\/wp\/v2\/users\/1"}],"replies":[{"embeddable":true,"href":"https:\/\/www.griffline.de\/en\/wp-json\/wp\/v2\/comments?post=155"}],"version-history":[{"count":2,"href":"https:\/\/www.griffline.de\/en\/wp-json\/wp\/v2\/pages\/155\/revisions"}],"predecessor-version":[{"id":302,"href":"https:\/\/www.griffline.de\/en\/wp-json\/wp\/v2\/pages\/155\/revisions\/302"}],"wp:attachment":[{"href":"https:\/\/www.griffline.de\/en\/wp-json\/wp\/v2\/media?parent=155"}],"curies":[{"name":"wp","href":"https:\/\/api.w.org\/{rel}","templated":true}]}}