{"id":153,"date":"2019-03-12T00:50:31","date_gmt":"2019-03-11T23:50:31","guid":{"rendered":"https:\/\/www.griffline.de\/kolofon\/"},"modified":"2024-02-21T16:49:41","modified_gmt":"2024-02-21T15:49:41","slug":"kolofon","status":"publish","type":"page","link":"https:\/\/www.griffline.de\/sl\/kolofon\/","title":{"rendered":"Kolofon"},"content":{"rendered":"<p>[et_pb_section fb_built=&#8221;1&#8243; _builder_version=&#8221;4.16&#8243; global_colors_info=&#8221;{}&#8221;][et_pb_row _builder_version=&#8221;4.16&#8243; background_size=&#8221;initial&#8221; background_position=&#8221;top_left&#8221; background_repeat=&#8221;repeat&#8221; global_colors_info=&#8221;{}&#8221;][et_pb_column type=&#8221;4_4&#8243; _builder_version=&#8221;4.16&#8243; custom_padding=&#8221;|||&#8221; global_colors_info=&#8221;{}&#8221; custom_padding__hover=&#8221;|||&#8221;][et_pb_text admin_label=&#8221;Impressum&#8221; _builder_version=&#8221;4.16&#8243; global_colors_info=&#8221;{}&#8221;]<\/p>\n<h1>Kolofon<\/h1>\n<p>[\/et_pb_text][et_pb_divider color=&#8221;#cccccc&#8221; divider_position=&#8221;center&#8221; _builder_version=&#8221;4.16&#8243; global_colors_info=&#8221;{}&#8221;][\/et_pb_divider][et_pb_text _builder_version=&#8221;4.16&#8243; global_colors_info=&#8221;{}&#8221;]<\/p>\n<p><strong>Naslov<\/strong><br \/>AVAVIAS d.o.o.<br \/>Stegne 27<br \/>1000 Ljubljana<br \/>Slovenija, EU<\/p>\n<p><strong>Podjetje<\/strong><br \/>Srg \u0161tevilka: 2014\/43783, Okro\u017eno sodi\u0161\u010de v Ljubljani.<br \/>\u0160tevilka vpisa v register Obrtno-podjetni\u0161ke zbornice Slovenije: 149185.<br \/>Dav\u010dni zavezanec: DA.<br \/>ID za DDV: SI91115973.<br \/>Mati\u010dna \u0161tevilka podjetja: 6703542000.<\/p>\n<p><strong>Kontakt<\/strong><br \/>Administrativna vpra\u0161anja: <a href=\"mailto:info@avavias.de\">info@avavias.de<\/a><br \/>Telefon: +49 (0)151 583 302 72<\/p>\n<p>\u010ce imate vpra\u0161anja v zvezi s podjetjem ali o izdelkih in storitvah na\u0161ih resorjev, uporabite na\u0161e <a href=\"\/#kontakt\">kontaktne obrazce<\/a>.<\/p>\n<p><strong>Odgovorni za vsebino<\/strong><br \/>Gospod Ju\u0161 \u017dnidar\u0161i\u010d<\/p>\n<p>[\/et_pb_text][\/et_pb_column][\/et_pb_row][\/et_pb_section]<\/p>\n","protected":false},"excerpt":{"rendered":"<p>Kolofon NaslovAVAVIAS d.o.o.Stegne 271000 LjubljanaSlovenija, EU PodjetjeSrg \u0161tevilka: 2014\/43783, Okro\u017eno sodi\u0161\u010de v Ljubljani.\u0160tevilka vpisa v register Obrtno-podjetni\u0161ke zbornice Slovenije: 149185.Dav\u010dni zavezanec: DA.ID za DDV: SI91115973.Mati\u010dna \u0161tevilka podjetja: 6703542000. KontaktAdministrativna vpra\u0161anja: info@avavias.deTelefon: +49 (0)151 583 302 72 \u010ce imate vpra\u0161anja v zvezi s podjetjem ali o izdelkih in storitvah na\u0161ih resorjev, uporabite na\u0161e kontaktne obrazce. Odgovorni [&hellip;]<\/p>\n","protected":false},"author":1,"featured_media":0,"parent":0,"menu_order":2,"comment_status":"closed","ping_status":"closed","template":"","meta":{"_et_pb_use_builder":"on","_et_pb_old_content":"","_et_gb_content_width":"","footnotes":""},"class_list":["post-153","page","type-page","status-publish","hentry"],"yoast_head":"<!-- This site is optimized with the Yoast SEO plugin v27.3 - https:\/\/yoast.com\/product\/yoast-seo-wordpress\/ -->\n<title>Kolofon | GRIFFLINE<\/title>\n<meta name=\"robots\" content=\"index, follow, max-snippet:-1, max-image-preview:large, max-video-preview:-1\" \/>\n<link rel=\"canonical\" href=\"https:\/\/www.griffline.de\/sl\/kolofon\/\" \/>\n<meta property=\"og:locale\" content=\"sl_SI\" \/>\n<meta property=\"og:type\" content=\"article\" \/>\n<meta property=\"og:title\" content=\"Kolofon | GRIFFLINE\" \/>\n<meta property=\"og:description\" content=\"Kolofon NaslovAVAVIAS d.o.o.Stegne 271000 LjubljanaSlovenija, EU PodjetjeSrg \u0161tevilka: 2014\/43783, Okro\u017eno sodi\u0161\u010de v Ljubljani.\u0160tevilka vpisa v register Obrtno-podjetni\u0161ke zbornice Slovenije: 149185.Dav\u010dni zavezanec: DA.ID za DDV: SI91115973.Mati\u010dna \u0161tevilka podjetja: 6703542000. KontaktAdministrativna vpra\u0161anja: info@avavias.deTelefon: +49 (0)151 583 302 72 \u010ce imate vpra\u0161anja v zvezi s podjetjem ali o izdelkih in storitvah na\u0161ih resorjev, uporabite na\u0161e kontaktne obrazce. Odgovorni [&hellip;]\" \/>\n<meta property=\"og:url\" content=\"https:\/\/www.griffline.de\/sl\/kolofon\/\" \/>\n<meta property=\"og:site_name\" content=\"GRIFFLINE\" \/>\n<meta property=\"article:modified_time\" content=\"2024-02-21T15:49:41+00:00\" \/>\n<meta name=\"twitter:card\" content=\"summary_large_image\" \/>\n<meta name=\"twitter:label1\" content=\"Est. reading time\" \/>\n\t<meta name=\"twitter:data1\" content=\"1 minuta\" \/>\n<script type=\"application\/ld+json\" class=\"yoast-schema-graph\">{\"@context\":\"https:\\\/\\\/schema.org\",\"@graph\":[{\"@type\":\"WebPage\",\"@id\":\"https:\\\/\\\/www.griffline.de\\\/sl\\\/kolofon\\\/\",\"url\":\"https:\\\/\\\/www.griffline.de\\\/sl\\\/kolofon\\\/\",\"name\":\"Kolofon | GRIFFLINE\",\"isPartOf\":{\"@id\":\"https:\\\/\\\/www.griffline.de\\\/#website\"},\"datePublished\":\"2019-03-11T23:50:31+00:00\",\"dateModified\":\"2024-02-21T15:49:41+00:00\",\"breadcrumb\":{\"@id\":\"https:\\\/\\\/www.griffline.de\\\/sl\\\/kolofon\\\/#breadcrumb\"},\"inLanguage\":\"sl-SI\",\"potentialAction\":[{\"@type\":\"ReadAction\",\"target\":[\"https:\\\/\\\/www.griffline.de\\\/sl\\\/kolofon\\\/\"]}]},{\"@type\":\"BreadcrumbList\",\"@id\":\"https:\\\/\\\/www.griffline.de\\\/sl\\\/kolofon\\\/#breadcrumb\",\"itemListElement\":[{\"@type\":\"ListItem\",\"position\":1,\"name\":\"Home\",\"item\":\"https:\\\/\\\/www.griffline.de\\\/sl\\\/\"},{\"@type\":\"ListItem\",\"position\":2,\"name\":\"Kolofon\"}]},{\"@type\":\"WebSite\",\"@id\":\"https:\\\/\\\/www.griffline.de\\\/#website\",\"url\":\"https:\\\/\\\/www.griffline.de\\\/\",\"name\":\"GRIFFLINE\",\"description\":\"Road Safety Grooving\",\"publisher\":{\"@id\":\"https:\\\/\\\/www.griffline.de\\\/#organization\"},\"potentialAction\":[{\"@type\":\"SearchAction\",\"target\":{\"@type\":\"EntryPoint\",\"urlTemplate\":\"https:\\\/\\\/www.griffline.de\\\/?s={search_term_string}\"},\"query-input\":{\"@type\":\"PropertyValueSpecification\",\"valueRequired\":true,\"valueName\":\"search_term_string\"}}],\"inLanguage\":\"sl-SI\"},{\"@type\":\"Organization\",\"@id\":\"https:\\\/\\\/www.griffline.de\\\/#organization\",\"name\":\"Griffline\",\"url\":\"https:\\\/\\\/www.griffline.de\\\/\",\"logo\":{\"@type\":\"ImageObject\",\"inLanguage\":\"sl-SI\",\"@id\":\"https:\\\/\\\/www.griffline.de\\\/#\\\/schema\\\/logo\\\/image\\\/\",\"url\":\"https:\\\/\\\/www.griffline.de\\\/wp-content\\\/uploads\\\/2019\\\/03\\\/griffline_logo_full.png\",\"contentUrl\":\"https:\\\/\\\/www.griffline.de\\\/wp-content\\\/uploads\\\/2019\\\/03\\\/griffline_logo_full.png\",\"width\":421,\"height\":64,\"caption\":\"Griffline\"},\"image\":{\"@id\":\"https:\\\/\\\/www.griffline.de\\\/#\\\/schema\\\/logo\\\/image\\\/\"}}]}<\/script>\n<!-- \/ Yoast SEO plugin. -->","yoast_head_json":{"title":"Kolofon | GRIFFLINE","robots":{"index":"index","follow":"follow","max-snippet":"max-snippet:-1","max-image-preview":"max-image-preview:large","max-video-preview":"max-video-preview:-1"},"canonical":"https:\/\/www.griffline.de\/sl\/kolofon\/","og_locale":"sl_SI","og_type":"article","og_title":"Kolofon | GRIFFLINE","og_description":"Kolofon NaslovAVAVIAS d.o.o.Stegne 271000 LjubljanaSlovenija, EU PodjetjeSrg \u0161tevilka: 2014\/43783, Okro\u017eno sodi\u0161\u010de v Ljubljani.\u0160tevilka vpisa v register Obrtno-podjetni\u0161ke zbornice Slovenije: 149185.Dav\u010dni zavezanec: DA.ID za DDV: SI91115973.Mati\u010dna \u0161tevilka podjetja: 6703542000. KontaktAdministrativna vpra\u0161anja: info@avavias.deTelefon: +49 (0)151 583 302 72 \u010ce imate vpra\u0161anja v zvezi s podjetjem ali o izdelkih in storitvah na\u0161ih resorjev, uporabite na\u0161e kontaktne obrazce. Odgovorni [&hellip;]","og_url":"https:\/\/www.griffline.de\/sl\/kolofon\/","og_site_name":"GRIFFLINE","article_modified_time":"2024-02-21T15:49:41+00:00","twitter_card":"summary_large_image","twitter_misc":{"Est. reading time":"1 minuta"},"schema":{"@context":"https:\/\/schema.org","@graph":[{"@type":"WebPage","@id":"https:\/\/www.griffline.de\/sl\/kolofon\/","url":"https:\/\/www.griffline.de\/sl\/kolofon\/","name":"Kolofon | GRIFFLINE","isPartOf":{"@id":"https:\/\/www.griffline.de\/#website"},"datePublished":"2019-03-11T23:50:31+00:00","dateModified":"2024-02-21T15:49:41+00:00","breadcrumb":{"@id":"https:\/\/www.griffline.de\/sl\/kolofon\/#breadcrumb"},"inLanguage":"sl-SI","potentialAction":[{"@type":"ReadAction","target":["https:\/\/www.griffline.de\/sl\/kolofon\/"]}]},{"@type":"BreadcrumbList","@id":"https:\/\/www.griffline.de\/sl\/kolofon\/#breadcrumb","itemListElement":[{"@type":"ListItem","position":1,"name":"Home","item":"https:\/\/www.griffline.de\/sl\/"},{"@type":"ListItem","position":2,"name":"Kolofon"}]},{"@type":"WebSite","@id":"https:\/\/www.griffline.de\/#website","url":"https:\/\/www.griffline.de\/","name":"GRIFFLINE","description":"Road Safety Grooving","publisher":{"@id":"https:\/\/www.griffline.de\/#organization"},"potentialAction":[{"@type":"SearchAction","target":{"@type":"EntryPoint","urlTemplate":"https:\/\/www.griffline.de\/?s={search_term_string}"},"query-input":{"@type":"PropertyValueSpecification","valueRequired":true,"valueName":"search_term_string"}}],"inLanguage":"sl-SI"},{"@type":"Organization","@id":"https:\/\/www.griffline.de\/#organization","name":"Griffline","url":"https:\/\/www.griffline.de\/","logo":{"@type":"ImageObject","inLanguage":"sl-SI","@id":"https:\/\/www.griffline.de\/#\/schema\/logo\/image\/","url":"https:\/\/www.griffline.de\/wp-content\/uploads\/2019\/03\/griffline_logo_full.png","contentUrl":"https:\/\/www.griffline.de\/wp-content\/uploads\/2019\/03\/griffline_logo_full.png","width":421,"height":64,"caption":"Griffline"},"image":{"@id":"https:\/\/www.griffline.de\/#\/schema\/logo\/image\/"}}]}},"_links":{"self":[{"href":"https:\/\/www.griffline.de\/sl\/wp-json\/wp\/v2\/pages\/153","targetHints":{"allow":["GET"]}}],"collection":[{"href":"https:\/\/www.griffline.de\/sl\/wp-json\/wp\/v2\/pages"}],"about":[{"href":"https:\/\/www.griffline.de\/sl\/wp-json\/wp\/v2\/types\/page"}],"author":[{"embeddable":true,"href":"https:\/\/www.griffline.de\/sl\/wp-json\/wp\/v2\/users\/1"}],"replies":[{"embeddable":true,"href":"https:\/\/www.griffline.de\/sl\/wp-json\/wp\/v2\/comments?post=153"}],"version-history":[{"count":4,"href":"https:\/\/www.griffline.de\/sl\/wp-json\/wp\/v2\/pages\/153\/revisions"}],"predecessor-version":[{"id":300,"href":"https:\/\/www.griffline.de\/sl\/wp-json\/wp\/v2\/pages\/153\/revisions\/300"}],"wp:attachment":[{"href":"https:\/\/www.griffline.de\/sl\/wp-json\/wp\/v2\/media?parent=153"}],"curies":[{"name":"wp","href":"https:\/\/api.w.org\/{rel}","templated":true}]}}