{"id":161,"date":"2019-03-12T00:31:27","date_gmt":"2019-03-11T23:31:27","guid":{"rendered":"https:\/\/www.griffline.de\/izjava-o-varstvu-podatkov\/"},"modified":"2019-09-19T11:45:45","modified_gmt":"2019-09-19T09:45:45","slug":"izjava-o-varstvu-podatkov","status":"publish","type":"page","link":"https:\/\/www.griffline.de\/sl\/izjava-o-varstvu-podatkov\/","title":{"rendered":"Izjava o varstvu podatkov"},"content":{"rendered":"<p>[et_pb_section bb_built=&#8221;1&#8243; fullwidth=&#8221;off&#8221; specialty=&#8221;off&#8221;][et_pb_row][et_pb_column type=&#8221;4_4&#8243;][et_pb_text admin_label=&#8221;Datenschutzerkl\u00e4rung&#8221; _builder_version=&#8221;3.20.1&#8243;]<\/p>\n<h1>Izjava o varstvu podatkov<\/h1>\n<p>[\/et_pb_text][et_pb_divider _builder_version=&#8221;3.20.1&#8243; color=&#8221;#cccccc&#8221; divider_position=&#8221;center&#8221; \/][et_pb_text admin_label=&#8221;Grundlegendes&#8221; _builder_version=&#8221;3.20.1&#8243;]<\/p>\n<h3>Osnovno<\/h3>\n<p>Ta izjava o varstvu osebnih podatkov je namenjena obve\u0161\u010danju uporabnikov tega spletnega mesta o naravi, obsegu in namenu zbiranja in uporabe osebnih podatkov s strani upravljavca spletnega mesta <strong>AVAVIAS d.o.o., Stegne 27, SI-1000 Ljubljana, Slovenija<\/strong>.<\/p>\n<p>Upravljavec spletnega mesta va\u0161o zasebnost jemlje zelo resno in bo va\u0161e osebne podatke obravnaval zaupno ter v skladu z zakonskimi predpisi. Ker se lahko z novimi tehnologijami in nenehnim razvojem tega spletnega mesta ta izjava o varstvu osebnih podatkov spremeni, priporo\u010damo, da pravilnik o zasebnosti redno preberete.<\/p>\n<p>[\/et_pb_text][et_pb_text admin_label=&#8221;Cookies&#8221; _builder_version=&#8221;3.20.2&#8243;]<\/p>\n<h3>Pi\u0161kotki<\/h3>\n<p>Na\u0161a spletna stran uporablja pi\u0161kotke. To so majhne besedilne datoteke, ki omogo\u010dajo, da se med uporabo spletnega mesta na uporabnikovi napravi shranjujejo specifi\u010dni podatki uporabnikov. Pi\u0161kotki omogo\u010dajo predvsem dolo\u010danje pogostosti uporabe in \u0161tevila uporabnikov spletne strani, analiziranje na\u010dina uporabe spletne strani pa tudi, da je na\u0161a ponudba prijaznej\u0161a do strank. Pi\u0161kotki ostanejo shranjeni tudi po koncu seje brskalnika in jih je mogo\u010de ob ponovnem obisku spletne strani znova priklicati. \u010ce tega ne \u017eelite, spletni brskalnik nastavite tako, da ne bo sprejemal pi\u0161kotkov.<br \/>\n&nbsp;<\/p>\n<table>\n<tbody>\n<tr>\n<td>Ime<\/td>\n<td>Ponudnik<\/td>\n<td>Trajanje<\/td>\n<td>Namen<\/td>\n<\/tr>\n<tr>\n<td>cean<br \/>\n_ceir<br \/>\n__cfduid<\/td>\n<td>crazyegg.com<\/td>\n<td>1 leto<br \/>\n5 let<br \/>\n1 leto<\/td>\n<td>Heatmap<\/td>\n<\/tr>\n<tr>\n<td>IDE<br \/>\ntest_cookie<\/td>\n<td>doubleclick.net<\/td>\n<td>24 dni<\/td>\n<td>Tr\u017eenje<\/td>\n<\/tr>\n<tr>\n<td>_ga<br \/>\n_gat_gtag<br \/>\n_gid<\/td>\n<td>google.com<\/td>\n<td>2 leti<br \/>\n1 minuto<br \/>\n24 ur<\/td>\n<td>Analiza uporabe ponudbe na\u0161e spletne strani<\/td>\n<\/tr>\n<tr>\n<td>1P_JAR<br \/>\nCONSENT<br \/>\nNID<\/td>\n<td>google.com<\/td>\n<td>1 mesec<br \/>\n15 let<br \/>\n6 mesecev<\/td>\n<td>Analiza uporabe ponudbe na\u0161e spletne strani<\/td>\n<\/tr>\n<tr>\n<td>GPS<br \/>\nPREF<br \/>\nVISITOR_INFO1_LIVE<br \/>\nYSC<br \/>\nremote_SID<\/td>\n<td>youtube.com<\/td>\n<td>1 ura<br \/>\n8 mesecev<br \/>\n6 mesecev<br \/>\nSeja brskalnika<br \/>\n&nbsp;<\/td>\n<td>Predvajanje video posnetkov<\/td>\n<\/tr>\n<tr>\n<td>PH_HPXY_CHECK<br \/>\nviewed_cookie_policy<\/td>\n<td>griffline.de<\/td>\n<td>Seja brskalnika<br \/>\n1 leto<\/td>\n<td>Sprejem smernic za pi\u0161kotke<\/td>\n<\/tr>\n<\/tbody>\n<\/table>\n<p>[\/et_pb_text][et_pb_text admin_label=&#8221;Erfassung und Verarbeitung personenbezogener Daten&#8221; _builder_version=&#8221;3.20.1&#8243;]<\/p>\n<h3>Zbiranje in obdelava osebnih podatkov<\/h3>\n<p>Z uporabo na\u0161e spletne strani sogla\u0161ate z zbiranjem, obdelavo in uporabo podatkov, kot je opisano v nadaljevanju. Na\u0161o spletno stran lahko praviloma obi\u0161\u010dete brez registracije. Pri tem se podatki, kot so priklicane strani oziroma ime priklicane datoteke, datum in \u010das, shranjujejo na stre\u017eniku za statisti\u010dne namene, ne da bi bili ti podatki neposredno povezani z va\u0161o osebo. Osebni podatki, zlasti ime, naslov ali elektronski naslov, se, kolikor je mogo\u010de, zbirajo prostovoljno. Brez va\u0161ega soglasja podatkov ne bomo posredovali tretjim osebam.<\/p>\n<p>\u010ce nas prek ponujenih mo\u017enosti za stike kontaktirate kot upravljavca spletnega mesta, bodo va\u0161i podatki shranjeni tako, da jih je mogo\u010de uporabiti za obdelavo va\u0161e zahteve in po\u0161iljanje odgovora. Brez va\u0161ega soglasja teh podatkov ne bomo posredovali tretjim osebam.<\/p>\n<p>[\/et_pb_text][et_pb_text admin_label=&#8221;Google Analytics&#8221; _builder_version=&#8221;3.20.1&#8243;]<\/p>\n<h3>Google Analytics<\/h3>\n<p>Na\u0161a spletna stran uporablja Google Analytics, storitev spletne analitike, ki jo ponuja Google Inc., 1600 Amphitheatre Parkway, Mountain View, CA 94043, ZDA. \u010ce \u017eelite deaktivirati Google Analytics, ponuja Google na naslovu <u><a href=\"https:\/\/tools.google.com\/dlpage\/gaoptout?hl=en\" target=\"_blank\" rel=\"noopener noreferrer\">https:\/\/tools.google.com\/dlpage\/gaoptout?hl=en<\/a><\/u> vti\u010dnik za brskalnik. Google Analytics uporablja pi\u0161kotke. To so majhne besedilne datoteke, ki omogo\u010dajo, da se na uporabnikovi napravi shranjujejo specifi\u010dni podatki uporabnikov. Ti omogo\u010dajo, da Google analizira uporabe ponudbe na\u0161e spletne strani. Podatki, ki jih pi\u0161kotek pridobi o uporabi na\u0161ih spletnih strani (vklju\u010dno z va\u0161im IP-naslovom), se obi\u010dajno prenesejo na stre\u017enik podjetja Google v ZDA in tam shranijo. Opozarjamo, da je Google Analytics na tej spletni strani dopolnjen s kodo \u00bbgat._anonymizeIp ();\u00ab, ki omogo\u010da anonimno zbiranje IP-naslovov (tako imenovano maskiranje IP-jev). \u010ce je anonimizacija aktivna, Google v dr\u017eavah \u010dlanicah Evropske skupnosti ali v drugih dr\u017eavah pogodbenicah Sporazuma o Evropskem gospodarskem prostoru skraj\u0161a IP-naslove, zato identifikacija va\u0161e identitete ni mogo\u010da. Celoten IP-naslov se po\u0161lje na Googlov stre\u017enik v ZDA in tam skraj\u0161a samo v izjemnih primerih. Google upo\u0161teva dolo\u010dbe o varstvu osebnih podatkov Zasebnostnega \u0161\u010dita EU-ZDA (Privacy Shield) in je registriran v programu Zasebnostnega \u0161\u010dita Ministrstva ZDA za trgovino ter uporablja zbrane informacije za oceno uporabe na\u0161ih spletnih strani, povezano poro\u010danje in zagotavljanje drugih povezanih storitev. Ve\u010d izveste na <u><a href=\"http:\/\/www.google.com\/intl\/de\/analytics\/privacyoverview.html\" target=\"_blank\" rel=\"noopener noreferrer\"> http:\/\/www.google.com\/intl\/de\/analytics\/privacyoverview.html<\/a><\/u>.<\/p>\n<p>[\/et_pb_text][et_pb_text admin_label=&#8221;Rechte des Nutzers&#8221; _builder_version=&#8221;3.20.1&#8243;]<\/p>\n<h3>Pravice uporabnika<\/h3>\n<p>Kot uporabnik imate pravico, da na zahtevo prejmete brezpla\u010dne podatke o tem, kateri osebni podatki o vas so bili shranjeni. Poleg tega imate pravico popraviti la\u017ene podatke ter omejiti obdelavo podatkov ali izbrisati svoje osebne podatke. \u010ce je primerno, lahko uveljavljate tudi pravico do prenosljivosti podatkov. \u010ce menite, da so bili va\u0161i podatki obdelani nezakonito, lahko vlo\u017eite prito\u017ebo pri ustreznem nadzornem organu.<\/p>\n<p>[\/et_pb_text][et_pb_text admin_label=&#8221;L\u00f6schung von Daten&#8221; _builder_version=&#8221;3.20.1&#8243;]<\/p>\n<h3>Brisanje podatkov<\/h3>\n<p>\u010ce va\u0161a zahteva ni v nasprotju z zakonsko obveznostjo shranjevanja podatkov (npr. hramba podatkov), imate pravico izbrisati svoje osebne podatke. Shranjeni podatki bodo izbrisani, \u010de niso ve\u010d potrebni za svoj namen in ni zakonskih rokov hrambe. \u010ce izbrisa ni mogo\u010de izvesti, ker so podatki potrebni za zakonske namene, je obdelava podatkov omejena. V tem primeru se podatki blokirajo in ne obdelujejo za druge namene.<\/p>\n<p>[\/et_pb_text][et_pb_text admin_label=&#8221;Widerspruchsrecht&#8221; _builder_version=&#8221;3.20.1&#8243;]<\/p>\n<h3>Pravica do ugovora<\/h3>\n<p>Uporabniki te spletne strani lahko kadar koli uveljavljajo svojo pravico do ugovora in nasprotujejo obdelavi svojih osebnih podatkov.<\/p>\n<p>\u010ce \u017eelite popraviti, blokirati ali izbrisati svoje osebne podatke ali pridobiti informacije o osebnih podatkih, ki so bili shranjeni o vas, ali \u010de imate vpra\u0161anja v zvezi z zbiranjem, obdelavo ali uporabo svojih osebnih podatkov ali \u010de \u017eelite preklicati soglasje, se obrnite na naslednji e-naslov: <u><a href=\"mailto:info@avavias.de\">info@avavias.de<\/a><\/u>.<\/p>\n<p>Stanje: 12.03.2019<\/p>\n<p>[\/et_pb_text][\/et_pb_column][\/et_pb_row][\/et_pb_section]<\/p>\n","protected":false},"excerpt":{"rendered":"<p><div class=\"et_pb_row et_pb_row_0 et_pb_row_empty\">\n\t\t\t\t\n\t\t\t\t\n\t\t\t\t\n\t\t\t\t\n\t\t\t\t\n\t\t\t<\/div> Izjava o varstvu podatkov Osnovno Ta izjava o varstvu osebnih podatkov je namenjena obve\u0161\u010danju uporabnikov tega spletnega mesta o naravi, obsegu in namenu zbiranja in uporabe osebnih podatkov s strani upravljavca spletnega mesta AVAVIAS d.o.o., Stegne 27, SI-1000 Ljubljana, Slovenija. Upravljavec spletnega mesta va\u0161o zasebnost jemlje zelo resno in bo va\u0161e osebne podatke obravnaval [&hellip;]<\/p>\n","protected":false},"author":1,"featured_media":0,"parent":0,"menu_order":3,"comment_status":"closed","ping_status":"closed","template":"","meta":{"_et_pb_use_builder":"on","_et_pb_old_content":"","_et_gb_content_width":"","footnotes":""},"class_list":["post-161","page","type-page","status-publish","hentry"],"yoast_head":"<!-- This site is optimized with the Yoast SEO plugin v27.3 - https:\/\/yoast.com\/product\/yoast-seo-wordpress\/ -->\n<title>Izjava o varstvu podatkov | GRIFFLINE<\/title>\n<meta name=\"robots\" content=\"index, follow, max-snippet:-1, max-image-preview:large, max-video-preview:-1\" \/>\n<link rel=\"canonical\" href=\"https:\/\/www.griffline.de\/sl\/izjava-o-varstvu-podatkov\/\" \/>\n<meta property=\"og:locale\" content=\"sl_SI\" \/>\n<meta property=\"og:type\" content=\"article\" \/>\n<meta property=\"og:title\" content=\"Izjava o varstvu podatkov | GRIFFLINE\" \/>\n<meta property=\"og:description\" content=\"Izjava o varstvu podatkov Osnovno Ta izjava o varstvu osebnih podatkov je namenjena obve\u0161\u010danju uporabnikov tega spletnega mesta o naravi, obsegu in namenu zbiranja in uporabe osebnih podatkov s strani upravljavca spletnega mesta AVAVIAS d.o.o., Stegne 27, SI-1000 Ljubljana, Slovenija. Upravljavec spletnega mesta va\u0161o zasebnost jemlje zelo resno in bo va\u0161e osebne podatke obravnaval [&hellip;]\" \/>\n<meta property=\"og:url\" content=\"https:\/\/www.griffline.de\/sl\/izjava-o-varstvu-podatkov\/\" \/>\n<meta property=\"og:site_name\" content=\"GRIFFLINE\" \/>\n<meta property=\"article:modified_time\" content=\"2019-09-19T09:45:45+00:00\" \/>\n<meta name=\"twitter:card\" content=\"summary_large_image\" \/>\n<meta name=\"twitter:label1\" content=\"Est. reading time\" \/>\n\t<meta name=\"twitter:data1\" content=\"5 minut\" \/>\n<script type=\"application\/ld+json\" class=\"yoast-schema-graph\">{\"@context\":\"https:\\\/\\\/schema.org\",\"@graph\":[{\"@type\":\"WebPage\",\"@id\":\"https:\\\/\\\/www.griffline.de\\\/sl\\\/izjava-o-varstvu-podatkov\\\/\",\"url\":\"https:\\\/\\\/www.griffline.de\\\/sl\\\/izjava-o-varstvu-podatkov\\\/\",\"name\":\"Izjava o varstvu podatkov | GRIFFLINE\",\"isPartOf\":{\"@id\":\"https:\\\/\\\/www.griffline.de\\\/#website\"},\"datePublished\":\"2019-03-11T23:31:27+00:00\",\"dateModified\":\"2019-09-19T09:45:45+00:00\",\"breadcrumb\":{\"@id\":\"https:\\\/\\\/www.griffline.de\\\/sl\\\/izjava-o-varstvu-podatkov\\\/#breadcrumb\"},\"inLanguage\":\"sl-SI\",\"potentialAction\":[{\"@type\":\"ReadAction\",\"target\":[\"https:\\\/\\\/www.griffline.de\\\/sl\\\/izjava-o-varstvu-podatkov\\\/\"]}]},{\"@type\":\"BreadcrumbList\",\"@id\":\"https:\\\/\\\/www.griffline.de\\\/sl\\\/izjava-o-varstvu-podatkov\\\/#breadcrumb\",\"itemListElement\":[{\"@type\":\"ListItem\",\"position\":1,\"name\":\"Home\",\"item\":\"https:\\\/\\\/www.griffline.de\\\/sl\\\/\"},{\"@type\":\"ListItem\",\"position\":2,\"name\":\"Izjava o varstvu podatkov\"}]},{\"@type\":\"WebSite\",\"@id\":\"https:\\\/\\\/www.griffline.de\\\/#website\",\"url\":\"https:\\\/\\\/www.griffline.de\\\/\",\"name\":\"GRIFFLINE\",\"description\":\"Road Safety Grooving\",\"publisher\":{\"@id\":\"https:\\\/\\\/www.griffline.de\\\/#organization\"},\"potentialAction\":[{\"@type\":\"SearchAction\",\"target\":{\"@type\":\"EntryPoint\",\"urlTemplate\":\"https:\\\/\\\/www.griffline.de\\\/?s={search_term_string}\"},\"query-input\":{\"@type\":\"PropertyValueSpecification\",\"valueRequired\":true,\"valueName\":\"search_term_string\"}}],\"inLanguage\":\"sl-SI\"},{\"@type\":\"Organization\",\"@id\":\"https:\\\/\\\/www.griffline.de\\\/#organization\",\"name\":\"Griffline\",\"url\":\"https:\\\/\\\/www.griffline.de\\\/\",\"logo\":{\"@type\":\"ImageObject\",\"inLanguage\":\"sl-SI\",\"@id\":\"https:\\\/\\\/www.griffline.de\\\/#\\\/schema\\\/logo\\\/image\\\/\",\"url\":\"https:\\\/\\\/www.griffline.de\\\/wp-content\\\/uploads\\\/2019\\\/03\\\/griffline_logo_full.png\",\"contentUrl\":\"https:\\\/\\\/www.griffline.de\\\/wp-content\\\/uploads\\\/2019\\\/03\\\/griffline_logo_full.png\",\"width\":421,\"height\":64,\"caption\":\"Griffline\"},\"image\":{\"@id\":\"https:\\\/\\\/www.griffline.de\\\/#\\\/schema\\\/logo\\\/image\\\/\"}}]}<\/script>\n<!-- \/ Yoast SEO plugin. -->","yoast_head_json":{"title":"Izjava o varstvu podatkov | GRIFFLINE","robots":{"index":"index","follow":"follow","max-snippet":"max-snippet:-1","max-image-preview":"max-image-preview:large","max-video-preview":"max-video-preview:-1"},"canonical":"https:\/\/www.griffline.de\/sl\/izjava-o-varstvu-podatkov\/","og_locale":"sl_SI","og_type":"article","og_title":"Izjava o varstvu podatkov | GRIFFLINE","og_description":"Izjava o varstvu podatkov Osnovno Ta izjava o varstvu osebnih podatkov je namenjena obve\u0161\u010danju uporabnikov tega spletnega mesta o naravi, obsegu in namenu zbiranja in uporabe osebnih podatkov s strani upravljavca spletnega mesta AVAVIAS d.o.o., Stegne 27, SI-1000 Ljubljana, Slovenija. Upravljavec spletnega mesta va\u0161o zasebnost jemlje zelo resno in bo va\u0161e osebne podatke obravnaval [&hellip;]","og_url":"https:\/\/www.griffline.de\/sl\/izjava-o-varstvu-podatkov\/","og_site_name":"GRIFFLINE","article_modified_time":"2019-09-19T09:45:45+00:00","twitter_card":"summary_large_image","twitter_misc":{"Est. reading time":"5 minut"},"schema":{"@context":"https:\/\/schema.org","@graph":[{"@type":"WebPage","@id":"https:\/\/www.griffline.de\/sl\/izjava-o-varstvu-podatkov\/","url":"https:\/\/www.griffline.de\/sl\/izjava-o-varstvu-podatkov\/","name":"Izjava o varstvu podatkov | GRIFFLINE","isPartOf":{"@id":"https:\/\/www.griffline.de\/#website"},"datePublished":"2019-03-11T23:31:27+00:00","dateModified":"2019-09-19T09:45:45+00:00","breadcrumb":{"@id":"https:\/\/www.griffline.de\/sl\/izjava-o-varstvu-podatkov\/#breadcrumb"},"inLanguage":"sl-SI","potentialAction":[{"@type":"ReadAction","target":["https:\/\/www.griffline.de\/sl\/izjava-o-varstvu-podatkov\/"]}]},{"@type":"BreadcrumbList","@id":"https:\/\/www.griffline.de\/sl\/izjava-o-varstvu-podatkov\/#breadcrumb","itemListElement":[{"@type":"ListItem","position":1,"name":"Home","item":"https:\/\/www.griffline.de\/sl\/"},{"@type":"ListItem","position":2,"name":"Izjava o varstvu podatkov"}]},{"@type":"WebSite","@id":"https:\/\/www.griffline.de\/#website","url":"https:\/\/www.griffline.de\/","name":"GRIFFLINE","description":"Road Safety Grooving","publisher":{"@id":"https:\/\/www.griffline.de\/#organization"},"potentialAction":[{"@type":"SearchAction","target":{"@type":"EntryPoint","urlTemplate":"https:\/\/www.griffline.de\/?s={search_term_string}"},"query-input":{"@type":"PropertyValueSpecification","valueRequired":true,"valueName":"search_term_string"}}],"inLanguage":"sl-SI"},{"@type":"Organization","@id":"https:\/\/www.griffline.de\/#organization","name":"Griffline","url":"https:\/\/www.griffline.de\/","logo":{"@type":"ImageObject","inLanguage":"sl-SI","@id":"https:\/\/www.griffline.de\/#\/schema\/logo\/image\/","url":"https:\/\/www.griffline.de\/wp-content\/uploads\/2019\/03\/griffline_logo_full.png","contentUrl":"https:\/\/www.griffline.de\/wp-content\/uploads\/2019\/03\/griffline_logo_full.png","width":421,"height":64,"caption":"Griffline"},"image":{"@id":"https:\/\/www.griffline.de\/#\/schema\/logo\/image\/"}}]}},"_links":{"self":[{"href":"https:\/\/www.griffline.de\/sl\/wp-json\/wp\/v2\/pages\/161","targetHints":{"allow":["GET"]}}],"collection":[{"href":"https:\/\/www.griffline.de\/sl\/wp-json\/wp\/v2\/pages"}],"about":[{"href":"https:\/\/www.griffline.de\/sl\/wp-json\/wp\/v2\/types\/page"}],"author":[{"embeddable":true,"href":"https:\/\/www.griffline.de\/sl\/wp-json\/wp\/v2\/users\/1"}],"replies":[{"embeddable":true,"href":"https:\/\/www.griffline.de\/sl\/wp-json\/wp\/v2\/comments?post=161"}],"version-history":[{"count":5,"href":"https:\/\/www.griffline.de\/sl\/wp-json\/wp\/v2\/pages\/161\/revisions"}],"predecessor-version":[{"id":219,"href":"https:\/\/www.griffline.de\/sl\/wp-json\/wp\/v2\/pages\/161\/revisions\/219"}],"wp:attachment":[{"href":"https:\/\/www.griffline.de\/sl\/wp-json\/wp\/v2\/media?parent=161"}],"curies":[{"name":"wp","href":"https:\/\/api.w.org\/{rel}","templated":true}]}}